{"id":3753,"date":"2019-02-19T10:37:42","date_gmt":"2019-02-19T09:37:42","guid":{"rendered":"http:\/\/hmgs.de\/?page_id=3753"},"modified":"2025-11-11T10:19:02","modified_gmt":"2025-11-11T09:19:02","slug":"ferientermine","status":"publish","type":"page","link":"http:\/\/hmgs.de\/?page_id=3753","title":{"rendered":"Ferientermine &#038; Kontakt"},"content":{"rendered":"<div class=\"entry-content clearfix\">\n<h5>Das Sekretariat der Hans-Memling-Grundschule ist von Montag bis Freitag von 08.00 Uhr &#8211; 10.30 Uhr telefonisch erreichbar, au\u00dferhalb dieser Zeiten ist ein Anrufbeantworter geschaltet, der regelm\u00e4\u00dfig abgeh\u00f6rt wird.<\/h5>\n<p>In den Ferienzeiten erreichen Sie uns nur per E-Mail.<\/p>\n<h5><\/h5>\n<h5>Telefon: 06022\/681410<\/h5>\n<h5>Telefax: 06022\/681412<\/h5>\n<h5><\/h5>\n<h5>Sekretariat: verwaltung@hmgs.de<\/h5>\n<h5>Rektorat: schulleitung@hmgs.de<\/h5>\n<p>&nbsp;<\/p>\n<h5>Neue Schulstra\u00dfe 20<\/h5>\n<h5>63853 M\u00f6mlingen<\/h5>\n<\/div>\n<p>&nbsp;<\/p>\n<table border=\"0\" width=\"700\" cellspacing=\"0\" cellpadding=\"0\">\n<tbody>\n<tr>\n<td colspan=\"3\" bgcolor=\"#ffffff\">\n<h3>Ferientermine im Schuljahr 2025\/2026<\/h3>\n<\/td>\n<\/tr>\n<tr>\n<td bgcolor=\"#ffffff\" width=\"33%\"><\/td>\n<td bgcolor=\"#ffffff\" width=\"34%\"><b>erster Ferientag<\/b><\/td>\n<td bgcolor=\"#ffffff\" width=\"33%\"><b>letzter Ferientag<\/b><\/td>\n<\/tr>\n<tr>\n<td bgcolor=\"#ffffff\" width=\"33%\"><strong>Sommerferien 2025<\/strong><\/td>\n<td bgcolor=\"#ffffff\" width=\"34%\"><b>01.08.2025<\/b><\/td>\n<td bgcolor=\"#ffffff\" width=\"33%\"><b>15.09.2025<\/b><\/td>\n<\/tr>\n<tr>\n<td bgcolor=\"#ffffff\" width=\"33%\"><strong>Herbstferien<\/strong><\/td>\n<td bgcolor=\"#ffffff\" width=\"34%\"><b>03.11.2025<\/b><\/td>\n<td bgcolor=\"#ffffff\" width=\"33%\"><b>07.11.2025<\/b><\/td>\n<\/tr>\n<tr>\n<td bgcolor=\"#ffffff\" width=\"33%\"><strong>Weihnachtsferien<\/strong><\/td>\n<td bgcolor=\"#ffffff\" width=\"34%\"><b>22.12.2025<\/b><\/td>\n<td bgcolor=\"#ffffff\" width=\"33%\"><b>05.01.2026<\/b><\/td>\n<\/tr>\n<tr>\n<td bgcolor=\"#ffffff\" width=\"33%\"><strong>Faschingsferien<\/strong><\/td>\n<td bgcolor=\"#ffffff\" width=\"34%\"><b>16.02.2026<\/b><\/td>\n<td bgcolor=\"#ffffff\" width=\"33%\"><b>20.02.2026<\/b><\/td>\n<\/tr>\n<tr>\n<td bgcolor=\"#ffffff\" width=\"33%\"><strong>Osterferien<\/strong><\/td>\n<td bgcolor=\"#ffffff\" width=\"34%\"><b>30.03.2026<\/b><\/td>\n<td bgcolor=\"#ffffff\" width=\"33%\"><b>10.04.2026<\/b><\/td>\n<\/tr>\n<tr>\n<td bgcolor=\"#ffffff\" width=\"33%\"><strong>Pfingstferien<\/strong><\/td>\n<td bgcolor=\"#ffffff\" width=\"34%\"><b>26.05.2026<\/b><\/td>\n<td bgcolor=\"#ffffff\" width=\"33%\"><b>05.06.2026<\/b><\/td>\n<\/tr>\n<tr>\n<td bgcolor=\"#ffffff\" width=\"33%\"><strong>Sommerferien 2026<\/strong><\/td>\n<td bgcolor=\"#ffffff\" width=\"34%\"><b>03.08.2026<\/b><\/td>\n<td bgcolor=\"#ffffff\" width=\"33%\"><b>14.09.2026<\/b><\/td>\n<\/tr>\n<tr>\n<td bgcolor=\"#ffffff\" width=\"33%\"><\/td>\n<td bgcolor=\"#ffffff\" width=\"34%\"><\/td>\n<td bgcolor=\"#ffffff\" width=\"33%\"><\/td>\n<\/tr>\n<\/tbody>\n<\/table>\n<p style=\"text-align: center;\"><strong>Unterrichtsfrei<\/strong>:<\/p>\n<p style=\"text-align: center;\"><strong>Mittwoch, 19.11.2025 (Bu\u00df- und Bettag)<br \/>\n<\/strong><\/p>\n<p style=\"text-align: center;\"><strong>Donnerstag, 14.05.2026 (Christi Himmelfahrt)<\/strong><\/p>\n","protected":false},"excerpt":{"rendered":"<p>Das Sekretariat der Hans-Memling-Grundschule ist von Montag bis Freitag von 08.00 Uhr &#8211; 10.30 Uhr telefonisch erreichbar, au\u00dferhalb dieser Zeiten ist ein Anrufbeantworter geschaltet, der regelm\u00e4\u00dfig abgeh\u00f6rt wird. In den Ferienzeiten erreichen Sie uns nur per E-Mail. Telefon: 06022\/681410 Telefax: 06022\/681412 Sekretariat: verwaltung@hmgs.de Rektorat: schulleitung@hmgs.de &nbsp; Neue Schulstra\u00dfe 20 63853 M\u00f6mlingen &nbsp; Ferientermine im Schuljahr 2025\/2026 erster Ferientag letzter Ferientag Sommerferien 2025 01.08.2025 15.09.2025 Herbstferien 03.11.2025 07.11.2025 Weihnachtsferien 22.12.2025 05.01.2026 Faschingsferien 16.02.2026 20.02.2026 Osterferien 30.03.2026 10.04.2026 Pfingstferien 26.05.2026 05.06.2026 Sommerferien&#8230;<\/p>\n<p class=\"read-more\"><a class=\"btn btn-default\" href=\"http:\/\/hmgs.de\/?page_id=3753\">Weiterlesen<span class=\"screen-reader-text\"> Weiterlesen<\/span><\/a><\/p>\n","protected":false},"author":7,"featured_media":0,"parent":0,"menu_order":4,"comment_status":"closed","ping_status":"closed","template":"","meta":{"footnotes":""},"_links":{"self":[{"href":"http:\/\/hmgs.de\/index.php?rest_route=\/wp\/v2\/pages\/3753"}],"collection":[{"href":"http:\/\/hmgs.de\/index.php?rest_route=\/wp\/v2\/pages"}],"about":[{"href":"http:\/\/hmgs.de\/index.php?rest_route=\/wp\/v2\/types\/page"}],"author":[{"embeddable":true,"href":"http:\/\/hmgs.de\/index.php?rest_route=\/wp\/v2\/users\/7"}],"replies":[{"embeddable":true,"href":"http:\/\/hmgs.de\/index.php?rest_route=%2Fwp%2Fv2%2Fcomments&post=3753"}],"version-history":[{"count":14,"href":"http:\/\/hmgs.de\/index.php?rest_route=\/wp\/v2\/pages\/3753\/revisions"}],"predecessor-version":[{"id":5330,"href":"http:\/\/hmgs.de\/index.php?rest_route=\/wp\/v2\/pages\/3753\/revisions\/5330"}],"wp:attachment":[{"href":"http:\/\/hmgs.de\/index.php?rest_route=%2Fwp%2Fv2%2Fmedia&parent=3753"}],"curies":[{"name":"wp","href":"https:\/\/api.w.org\/{rel}","templated":true}]}}