{"id":3846,"date":"2019-04-05T09:55:26","date_gmt":"2019-04-05T07:55:26","guid":{"rendered":"http:\/\/hmgs.de\/?page_id=3846"},"modified":"2024-06-11T14:51:26","modified_gmt":"2024-06-11T12:51:26","slug":"gesundes-fruehstueck","status":"publish","type":"page","link":"http:\/\/hmgs.de\/?page_id=3846","title":{"rendered":"Schulfruchtprogramm"},"content":{"rendered":"<p>Gesundes Fr\u00fchst\u00fcck<\/p>\n<p>Unsere Schule hat die Gesundheitserziehung zu einem ihrer wichtigsten Ziele erkl\u00e4rt. Neben den verschiedenen Sportangeboten, steht dabei die gesunde Ern\u00e4hrung als tragende S\u00e4ule in jeder Jahrgangsstufe immer wieder auf dem Stundenplan und wird dar\u00fcber hinaus auch immer wieder thematisiert.<\/p>\n<p>Besonderes Gewicht wird dabei auch immer wieder auf das Fr\u00fchst\u00fcck als erste Mahlzeit und damit Grundlage des Tages gelegt.<\/p>\n<p>Einmal in der Woche erhalten wir das sog. Schulobst, welches meist durch helfende Eltern an die Sch\u00fcler in der ersten Pause verteilt wird.<\/p>\n<p>Herzlichen Dank daf\u00fcr.<\/p>\n","protected":false},"excerpt":{"rendered":"<p>Gesundes Fr\u00fchst\u00fcck Unsere Schule hat die Gesundheitserziehung zu einem ihrer wichtigsten Ziele erkl\u00e4rt. Neben den verschiedenen Sportangeboten, steht dabei die gesunde Ern\u00e4hrung als tragende S\u00e4ule in jeder Jahrgangsstufe immer wieder auf dem Stundenplan und wird dar\u00fcber hinaus auch immer wieder thematisiert. Besonderes Gewicht wird dabei auch immer wieder auf das Fr\u00fchst\u00fcck als erste Mahlzeit und damit Grundlage des Tages gelegt. Einmal in der Woche erhalten wir das sog. Schulobst, welches meist durch helfende Eltern an die Sch\u00fcler in der ersten&#8230;<\/p>\n<p class=\"read-more\"><a class=\"btn btn-default\" href=\"http:\/\/hmgs.de\/?page_id=3846\">Weiterlesen<span class=\"screen-reader-text\"> Weiterlesen<\/span><\/a><\/p>\n","protected":false},"author":7,"featured_media":0,"parent":3840,"menu_order":0,"comment_status":"closed","ping_status":"closed","template":"","meta":{"footnotes":""},"_links":{"self":[{"href":"http:\/\/hmgs.de\/index.php?rest_route=\/wp\/v2\/pages\/3846"}],"collection":[{"href":"http:\/\/hmgs.de\/index.php?rest_route=\/wp\/v2\/pages"}],"about":[{"href":"http:\/\/hmgs.de\/index.php?rest_route=\/wp\/v2\/types\/page"}],"author":[{"embeddable":true,"href":"http:\/\/hmgs.de\/index.php?rest_route=\/wp\/v2\/users\/7"}],"replies":[{"embeddable":true,"href":"http:\/\/hmgs.de\/index.php?rest_route=%2Fwp%2Fv2%2Fcomments&post=3846"}],"version-history":[{"count":2,"href":"http:\/\/hmgs.de\/index.php?rest_route=\/wp\/v2\/pages\/3846\/revisions"}],"predecessor-version":[{"id":4448,"href":"http:\/\/hmgs.de\/index.php?rest_route=\/wp\/v2\/pages\/3846\/revisions\/4448"}],"up":[{"embeddable":true,"href":"http:\/\/hmgs.de\/index.php?rest_route=\/wp\/v2\/pages\/3840"}],"wp:attachment":[{"href":"http:\/\/hmgs.de\/index.php?rest_route=%2Fwp%2Fv2%2Fmedia&parent=3846"}],"curies":[{"name":"wp","href":"https:\/\/api.w.org\/{rel}","templated":true}]}}