{"id":3850,"date":"2019-04-05T09:56:35","date_gmt":"2019-04-05T07:56:35","guid":{"rendered":"http:\/\/hmgs.de\/?page_id=3850"},"modified":"2024-06-11T14:46:09","modified_gmt":"2024-06-11T12:46:09","slug":"jugend-und-technik","status":"publish","type":"page","link":"http:\/\/hmgs.de\/?page_id=3850","title":{"rendered":"Jugend und Technik"},"content":{"rendered":"<p><strong>Schule trifft auf Betrieb<\/strong><\/p>\n<p>Am Donnerstagmorgen, den 04. April 2019 wanderten 17 Sch\u00fclerinnen und Sch\u00fcler von der Hans-Memling-Grundschule zur Firma Aulbach Automation GmbH abk Pressenbau in M\u00f6mlingen. Die Kinder erhielten die M\u00f6glichkeit die Firma zu besichtigen und viel Neues \u00fcber einen ortsans\u00e4ssigen Industriebetrieb zu erfahren.<\/p>\n<p>Diese Betriebsbesichtigung war gleichzeitig die Abschlussveranstaltung des Jugend und Technik Kurses, der an der Hans-Memling-Grundschule durch das Sponsoring der Firma abk Pressenbau und des Elternbeirates stattfand.<\/p>\n<p><img loading=\"lazy\" decoding=\"async\" class=\"size-full wp-image-3922 alignright\" src=\"http:\/\/hmgs.de\/wp-content\/uploads\/2019\/05\/jut.png\" alt=\"\" width=\"289\" height=\"217\" srcset=\"http:\/\/hmgs.de\/wp-content\/uploads\/2019\/05\/jut.png 289w, http:\/\/hmgs.de\/wp-content\/uploads\/2019\/05\/jut-150x113.png 150w\" sizes=\"(max-width: 289px) 100vw, 289px\" \/><\/p>\n<p>Das Kursangebot wird m\u00f6glich durch eine Kooperationsgemeinschaft des T\u00dcV Hessen, dem Rotary Club Aschaffenburg und von finanziellen Unterst\u00fctzern vor Ort. In unserem Fall sind das die Firma Aulbach Automation GmbH abk Pressenbau M\u00f6mlingen und der Elternbeirat der Schule. Daf\u00fcr an dieser Stelle ein herzliches <strong>Dankesch\u00f6n<\/strong>!<\/p>\n<p>&nbsp;<\/p>\n<p>Die Gesch\u00e4ftsf\u00fchrerin Frau Aulbach-Heinecke erm\u00f6glichte es den Sch\u00fclern\/innen hinter die Kulissen zu blicken. Zu Beginn erhielten sie von ihr pers\u00f6nlich eine kleine Einf\u00fchrung \u00fcber die Firma selbst und durften auch zahlreiche Fragen stellen. Danach gab es eine Betriebsf\u00fchrung in die verschiedenen Arbeitsbereiche: Schwei\u00dferei, Lackiererei und Endmontage. Hier gab es eine kleine \u00dcberraschung, denn w\u00e4hrend der Besichtigung wurde eine fertiggestellte Entgratungsmaschine auf einen LKW geladen. Sehr beeindruckend fanden die Kinder den daf\u00fcr notwendigen Kran, der 40 Tonnen Hebekraft hatte.<\/p>\n<p>Nach gut einer Stunde und vielen Fragen und Antworten durften die Sch\u00fcler\/innen wieder zur Schule wandern und ihren Klassenkameraden\/innen von ihrer Betriebserkundung berichten.<\/p>\n<p><strong>Ein \u201eelektrisierender\u201c Nachmittag <\/strong><\/p>\n<p><strong>an der Hans-Memling-Grundschule M\u00f6mlingen<\/strong><\/p>\n<p><img loading=\"lazy\" decoding=\"async\" class=\"size-full wp-image-3924 alignright\" src=\"http:\/\/hmgs.de\/wp-content\/uploads\/2019\/05\/jut2.png\" alt=\"\" width=\"168\" height=\"224\" srcset=\"http:\/\/hmgs.de\/wp-content\/uploads\/2019\/05\/jut2.png 168w, http:\/\/hmgs.de\/wp-content\/uploads\/2019\/05\/jut2-113x150.png 113w\" sizes=\"(max-width: 168px) 100vw, 168px\" \/><\/p>\n<p>Wie jeden Dienstagnachmittag trafen sich die 16 Sch\u00fclerinnen und Sch\u00fcler auch am 05. Februar 2019 zu ihrer Arbeitsgemeinschaft Jugend und Technik in der M\u00f6mlinger Grundschule. Diesmal waren aber nicht nur sie hier, sondern jede\/r Teilnehmer\/in durfte sich Verst\u00e4rkung in Form eines Elternteils mitbringen. Ebenfalls an diesem Nachmittag zu Gast war Frau Aulbach-Heinecke, die Gesch\u00e4ftsf\u00fchrerin der Firma Aulbach Automation GmbH abk Pressenbau. So waren wir fast 40 Personen, die im Werkraum der Schule flei\u00dfig schraubten, experimentierten und ehrgeizig nach Fehlern suchten.<\/p>\n<p>&nbsp;<\/p>\n<p><u>Zu Sache<\/u>:<\/p>\n<p>Die AG Jugend und Technik wurde vom T\u00dcV S\u00fcd und dem Rotary Club Aschaffenburg entwickelt um Sch\u00fclerinnen und Sch\u00fclern Technik begreifbar zu machen. Aus Alltagsgegenst\u00e4nden werden Stromkreise, Schalter, leuchtende Tannenb\u00e4ume, Hebeb\u00fchnen und Kr\u00e4ne hergestellt. Die Kinder der Hans-Memling-Grundschule nehmen dieses Angebot begeistert an und unser Kurs ist immer sehr gut besucht.<\/p>\n<p><strong>Ein ganz besonderer Dank gilt daher auch unserem<\/strong> <strong>Sponsor, Aulbach Automation GmbH abk Pressenbau<\/strong>, ohne die es diese Arbeitsgemeinschaft nicht geben w\u00fcrde.<\/p>\n<p>&nbsp;<\/p>\n<p><em>Sabine Schlereth<\/em><\/p>\n<p>&nbsp;<\/p>\n<p>&nbsp;<\/p>\n<p>&nbsp;<\/p>\n<p>&nbsp;<\/p>\n<p>&nbsp;<\/p>\n<p><strong>Kurs \u201eJugend &amp; Technik\u201c<\/strong><\/p>\n<p>&nbsp;<\/p>\n<p>&nbsp;<\/p>\n<p>Seit dem\u00a0Schuljahr 2014\/2015 nimmt\u00a0die Grundschule M\u00f6mlingen\u00a0 am Projekt \u201eJugend &amp; Technik\u201c vom T\u00dcV Hessen teil. Dank der Finanzierung die Firma ABK-Pressenbau M\u00f6mlingen k\u00f6nnen 16 Jungen und M\u00e4dchen der dritten und vierten Klassen an einem zwanzigst\u00fcndigen Kurs teilnehmen, in dem sie zahlreiche naturwissenschaftliche Experimente durchf\u00fchren d\u00fcrfen.<\/p>\n<p>&nbsp;<\/p>\n<p>Der T\u00dcV Hessen stellt uns alle Materialien zur Verf\u00fcgung. Neben Kabeln, Brettchen, Dioden, Spritzen, Magneten und vielem mehr, bekommmt jedes Kind ein eigenes Geheft, in dem jeder Versuch kindgerecht beschrieben ist. So\u00a0ist es m\u00f6glich, dass die Sch\u00fcler v\u00f6llig eigenst\u00e4ndig Exponate aufbauen und diese ausprobieren. Dies schult vor allem die Eigenst\u00e4ndigkeit, das genaue Lesen, sowie die Handhabung mit Material und Werkzeug.<\/p>\n<p>&nbsp;<\/p>\n<p>Die Exponate besch\u00e4ftigen sich mit Elektrotechnik, Mechanik und Pneumatik.<\/p>\n<p>Von gro\u00dfem Vorteil war die Jahrgangsmischung 3\/4. Da die Viertkl\u00e4sser schon das Unterrichtsthema Strom in der 3. Klasse hatten, brachten sie viel Vorwissen mit und k\u00f6nnen so den Drittkl\u00e4ssern mit Rat und Tat beistehen. Dabei kamen immer wieder intensive Diskussionen und Gespr\u00e4che zustande. Wie \u201ekleine\u201c Wissenschaftler arbeiteten die Kinder miteinander und es machte jedem Freude.<\/p>\n<p>&nbsp;<\/p>\n<p>Sabine Schlereth<\/p>\n","protected":false},"excerpt":{"rendered":"<p>Schule trifft auf Betrieb Am Donnerstagmorgen, den 04. April 2019 wanderten 17 Sch\u00fclerinnen und Sch\u00fcler von der Hans-Memling-Grundschule zur Firma Aulbach Automation GmbH abk Pressenbau in M\u00f6mlingen. Die Kinder erhielten die M\u00f6glichkeit die Firma zu besichtigen und viel Neues \u00fcber einen ortsans\u00e4ssigen Industriebetrieb zu erfahren. Diese Betriebsbesichtigung war gleichzeitig die Abschlussveranstaltung des Jugend und Technik Kurses, der an der Hans-Memling-Grundschule durch das Sponsoring der Firma abk Pressenbau und des Elternbeirates stattfand. Das Kursangebot wird m\u00f6glich durch eine Kooperationsgemeinschaft des T\u00dcV&#8230;<\/p>\n<p class=\"read-more\"><a class=\"btn btn-default\" href=\"http:\/\/hmgs.de\/?page_id=3850\">Weiterlesen<span class=\"screen-reader-text\"> Weiterlesen<\/span><\/a><\/p>\n","protected":false},"author":7,"featured_media":0,"parent":3840,"menu_order":0,"comment_status":"closed","ping_status":"closed","template":"","meta":{"footnotes":""},"_links":{"self":[{"href":"http:\/\/hmgs.de\/index.php?rest_route=\/wp\/v2\/pages\/3850"}],"collection":[{"href":"http:\/\/hmgs.de\/index.php?rest_route=\/wp\/v2\/pages"}],"about":[{"href":"http:\/\/hmgs.de\/index.php?rest_route=\/wp\/v2\/types\/page"}],"author":[{"embeddable":true,"href":"http:\/\/hmgs.de\/index.php?rest_route=\/wp\/v2\/users\/7"}],"replies":[{"embeddable":true,"href":"http:\/\/hmgs.de\/index.php?rest_route=%2Fwp%2Fv2%2Fcomments&post=3850"}],"version-history":[{"count":1,"href":"http:\/\/hmgs.de\/index.php?rest_route=\/wp\/v2\/pages\/3850\/revisions"}],"predecessor-version":[{"id":5221,"href":"http:\/\/hmgs.de\/index.php?rest_route=\/wp\/v2\/pages\/3850\/revisions\/5221"}],"up":[{"embeddable":true,"href":"http:\/\/hmgs.de\/index.php?rest_route=\/wp\/v2\/pages\/3840"}],"wp:attachment":[{"href":"http:\/\/hmgs.de\/index.php?rest_route=%2Fwp%2Fv2%2Fmedia&parent=3850"}],"curies":[{"name":"wp","href":"https:\/\/api.w.org\/{rel}","templated":true}]}}