{"id":3848,"date":"2019-04-05T09:56:18","date_gmt":"2019-04-05T07:56:18","guid":{"rendered":"http:\/\/hmgs.de\/?page_id=3848"},"modified":"2024-06-11T14:51:51","modified_gmt":"2024-06-11T12:51:51","slug":"patenschaft-tansania","status":"publish","type":"page","link":"https:\/\/hmgs.de\/?page_id=3848","title":{"rendered":"Patenschaft Tansania"},"content":{"rendered":"<p><strong><em>Schulpartnerschaft mit einer Grundschule in Tansania<\/em><\/strong><\/p>\n<p>&nbsp;<\/p>\n<p><strong><u>Kinder unserer Partnerschule:<\/u><\/strong><\/p>\n<p><img loading=\"lazy\" decoding=\"async\" class=\"alignnone size-full wp-image-3872\" src=\"http:\/\/hmgs.de\/wp-content\/uploads\/2019\/04\/big_35519316_0_400-267.jpg\" alt=\"\" width=\"400\" height=\"267\" srcset=\"https:\/\/hmgs.de\/wp-content\/uploads\/2019\/04\/big_35519316_0_400-267.jpg 400w, https:\/\/hmgs.de\/wp-content\/uploads\/2019\/04\/big_35519316_0_400-267-150x100.jpg 150w, https:\/\/hmgs.de\/wp-content\/uploads\/2019\/04\/big_35519316_0_400-267-300x200.jpg 300w\" sizes=\"(max-width: 400px) 100vw, 400px\" \/><\/p>\n<p>Im Schuljahr 2003\/04 wurde zwischen der Hans-Memling-Grundschule und der Mdete Primary School Ludewa Njombe in Tansania eine Schulpartnerschaft geschlossen. Sieben G\u00e4ste aus Tansania wohnten damals einer gro\u00dfen Feier in unserer Schule bei, gemeinsam wurde gesungen, getanzt, erz\u00e4hlt.<\/p>\n<p>Seither gibt es einen Austausch zwischen beiden Schulen in Form von Bildern, Bastelarbeiten,<\/p>\n<p>Briefen, kleinen Geschichten\u2026<\/p>\n<p>Ende des Schuljahres 2014 \u00fcberreichten wir einen Geldbetrag \u00fcber 100\u20ac zusammen mit aktuellen Fotos und liebevoll gezeichneten Bildern unserer Sch\u00fcler an Herrn Markert vom Team Tansania. Bei einem Besuch in Afrika im Juli 2014 \u00fcbergaben Mitglieder vom Team Tansania diese direkt an den Schulleiter unserer Partnerschule.<\/p>\n<p>Zum ersten Mal bekamen wir auch Fotos auf einer CD, die uns in eindrucksvollen Bildern einen Eindruck vom Schulalltag an unserer Partnerschule gaben. Auf den Whiteboards unserer Schule konnten wir schon mehrmals die Bilder unseren Sch\u00fclern zeigen und ihnen wichtige Lebens- und Lernbedingungen unserer Partnerkinder veranschaulichen.<\/p>\n<p>Das gesammelte Geld wurde bei Pausenverk\u00e4ufen an unserer Schule mit fair gehandelten Produkten aus dem Eine-Welt-Laden eingenommen. Die Produkte finden jedes Mal rei\u00dfenden Absatz bei unseren Schulkindern. Mit weiteren Pausenverk\u00e4ufen wollten wir deshalb auch daran denken, mit den Menschen weltweit am Martinstag zu teilen.<\/p>\n<p>Dabei wurde unseren Kindern auch die Bedeutung des fairen Handels in einfacher Form vermittelt: Fairer Handel bedeutet angemessene L\u00f6hne, keine Ausbeutung, gesunde Arbeitsbedingungen, direkter Handel ohne Zwischenh\u00e4ndler.<\/p>\n<p><strong>Fairtrade-Produkte<\/strong> verbessern die Arbeits- und Lebensbedingungen von Familien in den Anbaul\u00e4ndern. <strong>Aktionen zu Fairtrade<\/strong> k\u00f6nnen und sollen unsere Kinder zum Nachdenken anregen.<\/p>\n","protected":false},"excerpt":{"rendered":"<p>Schulpartnerschaft mit einer Grundschule in Tansania &nbsp; Kinder unserer Partnerschule: Im Schuljahr 2003\/04 wurde zwischen der Hans-Memling-Grundschule und der Mdete Primary School Ludewa Njombe in Tansania eine Schulpartnerschaft geschlossen. Sieben G\u00e4ste aus Tansania wohnten damals einer gro\u00dfen Feier in unserer Schule bei, gemeinsam wurde gesungen, getanzt, erz\u00e4hlt. Seither gibt es einen Austausch zwischen beiden Schulen in Form von Bildern, Bastelarbeiten, Briefen, kleinen Geschichten\u2026 Ende des Schuljahres 2014 \u00fcberreichten wir einen Geldbetrag \u00fcber 100\u20ac zusammen mit aktuellen Fotos und liebevoll gezeichneten&#8230;<\/p>\n<p class=\"read-more\"><a class=\"btn btn-default\" href=\"https:\/\/hmgs.de\/?page_id=3848\">Weiterlesen<span class=\"screen-reader-text\"> Weiterlesen<\/span><\/a><\/p>\n","protected":false},"author":7,"featured_media":0,"parent":3840,"menu_order":0,"comment_status":"closed","ping_status":"closed","template":"","meta":{"footnotes":""},"_links":{"self":[{"href":"https:\/\/hmgs.de\/index.php?rest_route=\/wp\/v2\/pages\/3848"}],"collection":[{"href":"https:\/\/hmgs.de\/index.php?rest_route=\/wp\/v2\/pages"}],"about":[{"href":"https:\/\/hmgs.de\/index.php?rest_route=\/wp\/v2\/types\/page"}],"author":[{"embeddable":true,"href":"https:\/\/hmgs.de\/index.php?rest_route=\/wp\/v2\/users\/7"}],"replies":[{"embeddable":true,"href":"https:\/\/hmgs.de\/index.php?rest_route=%2Fwp%2Fv2%2Fcomments&post=3848"}],"version-history":[{"count":3,"href":"https:\/\/hmgs.de\/index.php?rest_route=\/wp\/v2\/pages\/3848\/revisions"}],"predecessor-version":[{"id":4492,"href":"https:\/\/hmgs.de\/index.php?rest_route=\/wp\/v2\/pages\/3848\/revisions\/4492"}],"up":[{"embeddable":true,"href":"https:\/\/hmgs.de\/index.php?rest_route=\/wp\/v2\/pages\/3840"}],"wp:attachment":[{"href":"https:\/\/hmgs.de\/index.php?rest_route=%2Fwp%2Fv2%2Fmedia&parent=3848"}],"curies":[{"name":"wp","href":"https:\/\/api.w.org\/{rel}","templated":true}]}}